{"id":160,"date":"2021-10-19T17:03:52","date_gmt":"2021-10-19T17:03:52","guid":{"rendered":"https:\/\/listinghive.hivepress.io\/?page_id=8"},"modified":"2024-10-25T21:19:45","modified_gmt":"2024-10-25T21:19:45","slug":"home","status":"publish","type":"page","link":"https:\/\/alanyanet.com\/en\/home\/","title":{"rendered":"AlanyaNet"},"content":{"rendered":"\r\n\r\n\r\n<div class=\"wp-block-columns is-layout-flex wp-container-core-columns-is-layout-9d6595d7 wp-block-columns-is-layout-flex\">\r\n<div class=\"wp-block-column is-layout-flow wp-block-column-is-layout-flow\" style=\"flex-basis:66.66%\">        \n        <div class=\"custom-news-slider\">\n            <div class=\"slider-wrapper\">\n                                <div class=\"main-slide slide-1 active\"> \n                    <a href=\"https:\/\/alanyanet.com\/en\/ozcelik-donemi-basladi\/\">\n                        <img decoding=\"async\" src=\"https:\/\/alanyanet.com\/wp-content\/uploads\/ozcelik-donemi-basladi.jpg\" alt=\"\u00d6Z\u00c7ELI\u0307K&#8217;S TERM BEGINS\">\n                        <div class=\"slider-title bottom-left\">\u00d6Z\u00c7ELI\u0307K&#8217;S TERM BEGINS<\/div>\n                    <\/a>\n                <\/div>\n                                <div class=\"main-slide slide-2 \"> \n                    <a href=\"https:\/\/alanyanet.com\/en\/the-success-of-the-sector-depends-on-cooperation\/\">\n                        <img decoding=\"async\" src=\"https:\/\/alanyanet.com\/wp-content\/uploads\/altid-sektorun-basarisi.jpg\" alt=\"The success of the sector depends on cooperation\">\n                        <div class=\"slider-title top-center\">The success of the sector depends on cooperation<\/div>\n                    <\/a>\n                <\/div>\n                                <div class=\"main-slide slide-3 \"> \n                    <a href=\"https:\/\/alanyanet.com\/en\/gokbel-festivaline-yogun-ilgi\/\">\n                        <img decoding=\"async\" src=\"https:\/\/alanyanet.com\/wp-content\/uploads\/883408704218575120.jpg\" alt=\"HIGH ATTENTION TO G\u00d6KBEL FESTIVAL\">\n                        <div class=\"slider-title top-center\">HIGH ATTENTION TO G\u00d6KBEL FESTIVAL<\/div>\n                    <\/a>\n                <\/div>\n                            <\/div>\n\n            <!-- Thumbnails k\u0131sm\u0131 -->\n            <div class=\"thumbnails\">\n                                <div class=\"thumbnail\" data-slide=\"1\">1<\/div>\n                                <div class=\"thumbnail\" data-slide=\"2\">2<\/div>\n                                <div class=\"thumbnail\" data-slide=\"3\">3<\/div>\n                            <\/div>\n\n            <!-- Sa\u011f ve sol y\u00f6n oklar\u0131 -->\n            <div class=\"arrow arrow-left\">&#10094;<\/div>\n            <div class=\"arrow arrow-right\">&#10095;<\/div>\n        <\/div>\n\n        \n<\/div>\r\n\r\n\r\n\r\n<div class=\"wp-block-column is-layout-flow wp-block-column-is-layout-flow\" style=\"flex-basis:33.33%\"><\/div>\r\n<\/div>\r\n\r\n\r\n\r\n\r\n\r\n<h2 class=\"wp-block-heading has-text-align-center\">KATEGOR\u0130LER<\/h2>\r\n\r\n\r\n\r\n<div class=\"wp-block-columns is-layout-flex wp-container-core-columns-is-layout-9d6595d7 wp-block-columns-is-layout-flex\">\r\n<div class=\"wp-block-column is-layout-flow wp-block-column-is-layout-flow\"><\/div>\r\n\r\n\r\n\r\n<div class=\"wp-block-column is-layout-flow wp-block-column-is-layout-flow\"><\/div>\r\n<\/div>\r\n\r\n\r\n\r\n<h2 class=\"wp-block-heading has-text-align-center\">H\u0130ZMETLER<\/h2>\r\n\r\n\r\n\r\n\r\n\r\n<h2 class=\"wp-block-heading has-text-align-center\">SATILIKLAR<\/h2>\r\n\r\n\r\n","protected":false},"excerpt":{"rendered":"<p>KATEGOR\u0130LER H\u0130ZMETLER SATILIKLAR<\/p>\n","protected":false},"author":1,"featured_media":0,"parent":0,"menu_order":0,"comment_status":"closed","ping_status":"closed","template":"","meta":{"footnotes":""},"class_list":["post-160","page","type-page","status-publish","hentry"],"_links":{"self":[{"href":"https:\/\/alanyanet.com\/en\/wp-json\/wp\/v2\/pages\/160","targetHints":{"allow":["GET"]}}],"collection":[{"href":"https:\/\/alanyanet.com\/en\/wp-json\/wp\/v2\/pages"}],"about":[{"href":"https:\/\/alanyanet.com\/en\/wp-json\/wp\/v2\/types\/page"}],"author":[{"embeddable":true,"href":"https:\/\/alanyanet.com\/en\/wp-json\/wp\/v2\/users\/1"}],"replies":[{"embeddable":true,"href":"https:\/\/alanyanet.com\/en\/wp-json\/wp\/v2\/comments?post=160"}],"version-history":[{"count":0,"href":"https:\/\/alanyanet.com\/en\/wp-json\/wp\/v2\/pages\/160\/revisions"}],"wp:attachment":[{"href":"https:\/\/alanyanet.com\/en\/wp-json\/wp\/v2\/media?parent=160"}],"curies":[{"name":"wp","href":"https:\/\/api.w.org\/{rel}","templated":true}]}}